{"id":465,"date":"2024-03-24T21:36:55","date_gmt":"2024-03-24T21:36:55","guid":{"rendered":"https:\/\/xn--semillasdemazenhidalgo-8bc.com\/?page_id=465"},"modified":"2024-04-02T17:00:00","modified_gmt":"2024-04-02T17:00:00","slug":"semilla-de-maiz-100w","status":"publish","type":"page","link":"https:\/\/xn--semillasdemazenhidalgo-8bc.com\/index.php\/servicios-y-agencias-rurales-y-agropecuarias-2\/semilla-de-maiz\/semilla-de-maiz-100w\/","title":{"rendered":"Semilla de Ma\u00edz 100W"},"content":{"rendered":"\t\t<div data-elementor-type=\"wp-page\" data-elementor-id=\"465\" class=\"elementor elementor-465\">\n\t\t\t\t<div class=\"elementor-element elementor-element-1c721cd e-con-full e-flex e-con e-parent\" data-id=\"1c721cd\" data-element_type=\"container\" data-e-type=\"container\">\n\t\t\t\t<div class=\"elementor-element elementor-element-9faa2bd elementor-widget elementor-widget-image\" data-id=\"9faa2bd\" data-element_type=\"widget\" data-e-type=\"widget\" data-widget_type=\"image.default\">\n\t\t\t\t<div class=\"elementor-widget-container\">\n\t\t\t\t\t\t\t\t\t\t\t\t\t\t\t<img fetchpriority=\"high\" decoding=\"async\" width=\"1024\" height=\"1024\" src=\"https:\/\/xn--semillasdemazenhidalgo-8bc.com\/wp-content\/uploads\/2024\/03\/100W-1024x1024.png\" class=\"attachment-large size-large wp-image-467\" alt=\"\" srcset=\"https:\/\/xn--semillasdemazenhidalgo-8bc.com\/wp-content\/uploads\/2024\/03\/100W-1024x1024.png 1024w, https:\/\/xn--semillasdemazenhidalgo-8bc.com\/wp-content\/uploads\/2024\/03\/100W-300x300.png 300w, https:\/\/xn--semillasdemazenhidalgo-8bc.com\/wp-content\/uploads\/2024\/03\/100W-150x150.png 150w, https:\/\/xn--semillasdemazenhidalgo-8bc.com\/wp-content\/uploads\/2024\/03\/100W-768x768.png 768w, https:\/\/xn--semillasdemazenhidalgo-8bc.com\/wp-content\/uploads\/2024\/03\/100W.png 1080w\" sizes=\"(max-width: 1024px) 100vw, 1024px\" \/>\t\t\t\t\t\t\t\t\t\t\t\t\t\t\t<\/div>\n\t\t\t\t<\/div>\n\t\t\t\t<\/div>\n\t\t<div class=\"elementor-element elementor-element-23e3df5 e-con-full e-flex e-con e-parent\" data-id=\"23e3df5\" data-element_type=\"container\" data-e-type=\"container\">\n\t\t<div class=\"elementor-element elementor-element-3041c68 e-con-full e-flex e-con e-child\" data-id=\"3041c68\" data-element_type=\"container\" data-e-type=\"container\">\n\t\t<div class=\"elementor-element elementor-element-2535b48 e-con-full e-flex e-con e-child\" data-id=\"2535b48\" data-element_type=\"container\" data-e-type=\"container\">\n\t\t<div class=\"elementor-element elementor-element-d314c38 e-con-full e-flex elementor-invisible e-con e-child\" data-id=\"d314c38\" data-element_type=\"container\" data-e-type=\"container\" data-settings=\"{&quot;animation&quot;:&quot;zoomIn&quot;}\">\n\t\t\t\t<div class=\"elementor-element elementor-element-66b4d72 elementor-widget__width-initial elementor-widget elementor-widget-google_maps\" data-id=\"66b4d72\" data-element_type=\"widget\" data-e-type=\"widget\" data-widget_type=\"google_maps.default\">\n\t\t\t\t<div class=\"elementor-widget-container\">\n\t\t\t\t\t\t\t<div class=\"elementor-custom-embed\">\n\t\t\t<iframe loading=\"lazy\"\n\t\t\t\t\tsrc=\"https:\/\/maps.google.com\/maps?q=calle%20francisco%20i%20madero%20manzana%203%20lote%203%20col%20chacon%20nuevo%20centro%20de%20poblacion%20%20mineral%20de%20la%20reforma%2C%20hgo&#038;t=m&#038;z=10&#038;output=embed&#038;iwloc=near\"\n\t\t\t\t\ttitle=\"calle francisco i madero manzana 3 lote 3 col chacon nuevo centro de poblacion  mineral de la reforma, hgo\"\n\t\t\t\t\taria-label=\"calle francisco i madero manzana 3 lote 3 col chacon nuevo centro de poblacion  mineral de la reforma, hgo\"\n\t\t\t><\/iframe>\n\t\t<\/div>\n\t\t\t\t\t\t<\/div>\n\t\t\t\t<\/div>\n\t\t\t\t<div class=\"elementor-element elementor-element-62182da elementor-widget__width-initial elementor-shape-rounded elementor-grid-0 e-grid-align-center elementor-invisible elementor-widget elementor-widget-social-icons\" data-id=\"62182da\" data-element_type=\"widget\" data-e-type=\"widget\" data-settings=\"{&quot;_animation&quot;:&quot;rotateIn&quot;}\" data-widget_type=\"social-icons.default\">\n\t\t\t\t<div class=\"elementor-widget-container\">\n\t\t\t\t\t\t\t<div class=\"elementor-social-icons-wrapper elementor-grid\" role=\"list\">\n\t\t\t\t\t\t\t<span class=\"elementor-grid-item\" role=\"listitem\">\n\t\t\t\t\t<a class=\"elementor-icon elementor-social-icon elementor-social-icon-facebook elementor-repeater-item-f06e85f\" href=\"https:\/\/www.facebook.com\/profile.php?id=61557086647609\" target=\"_blank\">\n\t\t\t\t\t\t<span class=\"elementor-screen-only\">Facebook<\/span>\n\t\t\t\t\t\t<svg aria-hidden=\"true\" class=\"e-font-icon-svg e-fab-facebook\" viewBox=\"0 0 512 512\" xmlns=\"http:\/\/www.w3.org\/2000\/svg\"><path d=\"M504 256C504 119 393 8 256 8S8 119 8 256c0 123.78 90.69 226.38 209.25 245V327.69h-63V256h63v-54.64c0-62.15 37-96.48 93.67-96.48 27.14 0 55.52 4.84 55.52 4.84v61h-31.28c-30.8 0-40.41 19.12-40.41 38.73V256h68.78l-11 71.69h-57.78V501C413.31 482.38 504 379.78 504 256z\"><\/path><\/svg>\t\t\t\t\t<\/a>\n\t\t\t\t<\/span>\n\t\t\t\t\t\t\t<span class=\"elementor-grid-item\" role=\"listitem\">\n\t\t\t\t\t<a class=\"elementor-icon elementor-social-icon elementor-social-icon-whatsapp elementor-repeater-item-682c5fe\" href=\"https:\/\/wa.me\/7712207126?\" target=\"_blank\">\n\t\t\t\t\t\t<span class=\"elementor-screen-only\">Whatsapp<\/span>\n\t\t\t\t\t\t<svg aria-hidden=\"true\" class=\"e-font-icon-svg e-fab-whatsapp\" viewBox=\"0 0 448 512\" xmlns=\"http:\/\/www.w3.org\/2000\/svg\"><path d=\"M380.9 97.1C339 55.1 283.2 32 223.9 32c-122.4 0-222 99.6-222 222 0 39.1 10.2 77.3 29.6 111L0 480l117.7-30.9c32.4 17.7 68.9 27 106.1 27h.1c122.3 0 224.1-99.6 224.1-222 0-59.3-25.2-115-67.1-157zm-157 341.6c-33.2 0-65.7-8.9-94-25.7l-6.7-4-69.8 18.3L72 359.2l-4.4-7c-18.5-29.4-28.2-63.3-28.2-98.2 0-101.7 82.8-184.5 184.6-184.5 49.3 0 95.6 19.2 130.4 54.1 34.8 34.9 56.2 81.2 56.1 130.5 0 101.8-84.9 184.6-186.6 184.6zm101.2-138.2c-5.5-2.8-32.8-16.2-37.9-18-5.1-1.9-8.8-2.8-12.5 2.8-3.7 5.6-14.3 18-17.6 21.8-3.2 3.7-6.5 4.2-12 1.4-32.6-16.3-54-29.1-75.5-66-5.7-9.8 5.7-9.1 16.3-30.3 1.8-3.7.9-6.9-.5-9.7-1.4-2.8-12.5-30.1-17.1-41.2-4.5-10.8-9.1-9.3-12.5-9.5-3.2-.2-6.9-.2-10.6-.2-3.7 0-9.7 1.4-14.8 6.9-5.1 5.6-19.4 19-19.4 46.3 0 27.3 19.9 53.7 22.6 57.4 2.8 3.7 39.1 59.7 94.8 83.8 35.2 15.2 49 16.5 66.6 13.9 10.7-1.6 32.8-13.4 37.4-26.4 4.6-13 4.6-24.1 3.2-26.4-1.3-2.5-5-3.9-10.5-6.6z\"><\/path><\/svg>\t\t\t\t\t<\/a>\n\t\t\t\t<\/span>\n\t\t\t\t\t\t\t<span class=\"elementor-grid-item\" role=\"listitem\">\n\t\t\t\t\t<a class=\"elementor-icon elementor-social-icon elementor-social-icon-youtube elementor-repeater-item-2f3feed\" href=\"https:\/\/youtu.be\/PF8iHWbhXvs?si=8yLIRqvxFUN_xHqM\" target=\"_blank\">\n\t\t\t\t\t\t<span class=\"elementor-screen-only\">Youtube<\/span>\n\t\t\t\t\t\t<svg aria-hidden=\"true\" class=\"e-font-icon-svg e-fab-youtube\" viewBox=\"0 0 576 512\" xmlns=\"http:\/\/www.w3.org\/2000\/svg\"><path d=\"M549.655 124.083c-6.281-23.65-24.787-42.276-48.284-48.597C458.781 64 288 64 288 64S117.22 64 74.629 75.486c-23.497 6.322-42.003 24.947-48.284 48.597-11.412 42.867-11.412 132.305-11.412 132.305s0 89.438 11.412 132.305c6.281 23.65 24.787 41.5 48.284 47.821C117.22 448 288 448 288 448s170.78 0 213.371-11.486c23.497-6.321 42.003-24.171 48.284-47.821 11.412-42.867 11.412-132.305 11.412-132.305s0-89.438-11.412-132.305zm-317.51 213.508V175.185l142.739 81.205-142.739 81.201z\"><\/path><\/svg>\t\t\t\t\t<\/a>\n\t\t\t\t<\/span>\n\t\t\t\t\t\t\t<span class=\"elementor-grid-item\" role=\"listitem\">\n\t\t\t\t\t<a class=\"elementor-icon elementor-social-icon elementor-social-icon-icon-email elementor-repeater-item-628bd12\" href=\"http:\/\/gruposara2014@gmail.com\" target=\"_blank\">\n\t\t\t\t\t\t<span class=\"elementor-screen-only\">Icon-email<\/span>\n\t\t\t\t\t\t<i aria-hidden=\"true\" class=\"icon icon-email\"><\/i>\t\t\t\t\t<\/a>\n\t\t\t\t<\/span>\n\t\t\t\t\t\t\t<span class=\"elementor-grid-item\" role=\"listitem\">\n\t\t\t\t\t<a class=\"elementor-icon elementor-social-icon elementor-social-icon-icon-phone-call2 elementor-repeater-item-310f7ab\" href=\"tel:7712207126\" target=\"_blank\">\n\t\t\t\t\t\t<span class=\"elementor-screen-only\">Icon-phone-call2<\/span>\n\t\t\t\t\t\t<i aria-hidden=\"true\" class=\"icon icon-phone-call2\"><\/i>\t\t\t\t\t<\/a>\n\t\t\t\t<\/span>\n\t\t\t\t\t<\/div>\n\t\t\t\t\t\t<\/div>\n\t\t\t\t<\/div>\n\t\t\t\t<div class=\"elementor-element elementor-element-cd2c359 elementor-align-right elementor-widget__width-initial elementor-widget elementor-widget-button\" data-id=\"cd2c359\" data-element_type=\"widget\" data-e-type=\"widget\" data-widget_type=\"button.default\">\n\t\t\t\t<div class=\"elementor-widget-container\">\n\t\t\t\t\t\t\t\t\t<div class=\"elementor-button-wrapper\">\n\t\t\t\t\t<a class=\"elementor-button elementor-button-link elementor-size-md\" href=\"https:\/\/xn--semillasdemazenhidalgo-8bc.com\/index.php\/servicios-y-agencias-rurales-y-agropecuarias-2\/semilla-de-maiz\/\" target=\"_blank\">\n\t\t\t\t\t\t<span class=\"elementor-button-content-wrapper\">\n\t\t\t\t\t\t<span class=\"elementor-button-icon\">\n\t\t\t\t<svg aria-hidden=\"true\" class=\"e-font-icon-svg e-far-arrow-alt-circle-left\" viewBox=\"0 0 512 512\" xmlns=\"http:\/\/www.w3.org\/2000\/svg\"><path d=\"M8 256c0 137 111 248 248 248s248-111 248-248S393 8 256 8 8 119 8 256zm448 0c0 110.5-89.5 200-200 200S56 366.5 56 256 145.5 56 256 56s200 89.5 200 200zm-72-20v40c0 6.6-5.4 12-12 12H256v67c0 10.7-12.9 16-20.5 8.5l-99-99c-4.7-4.7-4.7-12.3 0-17l99-99c7.6-7.6 20.5-2.2 20.5 8.5v67h116c6.6 0 12 5.4 12 12z\"><\/path><\/svg>\t\t\t<\/span>\n\t\t\t\t\t\t\t\t\t<span class=\"elementor-button-text\">Regresar<\/span>\n\t\t\t\t\t<\/span>\n\t\t\t\t\t<\/a>\n\t\t\t\t<\/div>\n\t\t\t\t\t\t\t\t<\/div>\n\t\t\t\t<\/div>\n\t\t\t\t<\/div>\n\t\t\t\t<\/div>\n\t\t\t\t<\/div>\n\t\t\t\t<\/div>\n\t\t\t\t<\/div>\n\t\t","protected":false},"excerpt":{"rendered":"<p>Facebook Whatsapp Youtube Icon-email Icon-phone-call2 Regresar<\/p>\n","protected":false},"author":1,"featured_media":313,"parent":8,"menu_order":0,"comment_status":"closed","ping_status":"closed","template":"elementor_canvas","meta":{"_joinchat":{"message_text":"Servicios y Agencias Rurales y Agropecuarias\u2026","message_send":"Hola, me da m\u00e1s informaci\u00f3n\u2026","telephone":"527712207126"},"footnotes":""},"class_list":["post-465","page","type-page","status-publish","has-post-thumbnail","hentry"],"yoast_head":"<!-- This site is optimized with the Yoast SEO plugin v27.6 - https:\/\/yoast.com\/product\/yoast-seo-wordpress\/ -->\n<title>Semilla de Ma\u00edz 100W - Siembra confianza, Cosecha triunfo!!!<\/title>\n<meta name=\"description\" content=\"Semilla de ma\u00edz blanco de alto rendimiento en grano y forraje adaptable a Valles Altos, ven ac\u00e9rcate con nosotros.\" \/>\n<meta name=\"robots\" content=\"index, follow, max-snippet:-1, max-image-preview:large, max-video-preview:-1\" \/>\n<link rel=\"canonical\" href=\"https:\/\/xn--semillasdemazenhidalgo-8bc.com\/index.php\/servicios-y-agencias-rurales-y-agropecuarias-2\/semilla-de-maiz\/semilla-de-maiz-100w\/\" \/>\n<meta property=\"og:locale\" content=\"es_ES\" \/>\n<meta property=\"og:type\" content=\"article\" \/>\n<meta property=\"og:title\" content=\"Semilla de Ma\u00edz 100W - Siembra confianza, Cosecha triunfo!!!\" \/>\n<meta property=\"og:description\" content=\"Semilla de ma\u00edz blanco de alto rendimiento en grano y forraje adaptable a Valles Altos, ven ac\u00e9rcate con nosotros.\" \/>\n<meta property=\"og:url\" content=\"https:\/\/xn--semillasdemazenhidalgo-8bc.com\/index.php\/servicios-y-agencias-rurales-y-agropecuarias-2\/semilla-de-maiz\/semilla-de-maiz-100w\/\" \/>\n<meta property=\"og:site_name\" content=\"Siembra confianza, Cosecha triunfo!!!\" \/>\n<meta property=\"article:modified_time\" content=\"2024-04-02T17:00:00+00:00\" \/>\n<meta property=\"og:image\" content=\"https:\/\/xn--semillasdemazenhidalgo-8bc.com\/wp-content\/uploads\/2024\/03\/FOTO-PAG-100.png\" \/>\n\t<meta property=\"og:image:width\" content=\"1080\" \/>\n\t<meta property=\"og:image:height\" content=\"1080\" \/>\n\t<meta property=\"og:image:type\" content=\"image\/png\" \/>\n<meta name=\"twitter:card\" content=\"summary_large_image\" \/>\n<meta name=\"twitter:label1\" content=\"Tiempo de lectura\" \/>\n\t<meta name=\"twitter:data1\" content=\"1 minuto\" \/>\n<script type=\"application\/ld+json\" class=\"yoast-schema-graph\">{\"@context\":\"https:\\\/\\\/schema.org\",\"@graph\":[{\"@type\":\"WebPage\",\"@id\":\"https:\\\/\\\/xn--semillasdemazenhidalgo-8bc.com\\\/index.php\\\/servicios-y-agencias-rurales-y-agropecuarias-2\\\/semilla-de-maiz\\\/semilla-de-maiz-100w\\\/\",\"url\":\"https:\\\/\\\/xn--semillasdemazenhidalgo-8bc.com\\\/index.php\\\/servicios-y-agencias-rurales-y-agropecuarias-2\\\/semilla-de-maiz\\\/semilla-de-maiz-100w\\\/\",\"name\":\"Semilla de Ma\u00edz 100W - Siembra confianza, Cosecha triunfo!!!\",\"isPartOf\":{\"@id\":\"https:\\\/\\\/xn--semillasdemazenhidalgo-8bc.com\\\/#website\"},\"primaryImageOfPage\":{\"@id\":\"https:\\\/\\\/xn--semillasdemazenhidalgo-8bc.com\\\/index.php\\\/servicios-y-agencias-rurales-y-agropecuarias-2\\\/semilla-de-maiz\\\/semilla-de-maiz-100w\\\/#primaryimage\"},\"image\":{\"@id\":\"https:\\\/\\\/xn--semillasdemazenhidalgo-8bc.com\\\/index.php\\\/servicios-y-agencias-rurales-y-agropecuarias-2\\\/semilla-de-maiz\\\/semilla-de-maiz-100w\\\/#primaryimage\"},\"thumbnailUrl\":\"https:\\\/\\\/xn--semillasdemazenhidalgo-8bc.com\\\/wp-content\\\/uploads\\\/2024\\\/03\\\/FOTO-PAG-100.png\",\"datePublished\":\"2024-03-24T21:36:55+00:00\",\"dateModified\":\"2024-04-02T17:00:00+00:00\",\"description\":\"Semilla de ma\u00edz blanco de alto rendimiento en grano y forraje adaptable a Valles Altos, ven ac\u00e9rcate con nosotros.\",\"breadcrumb\":{\"@id\":\"https:\\\/\\\/xn--semillasdemazenhidalgo-8bc.com\\\/index.php\\\/servicios-y-agencias-rurales-y-agropecuarias-2\\\/semilla-de-maiz\\\/semilla-de-maiz-100w\\\/#breadcrumb\"},\"inLanguage\":\"es\",\"potentialAction\":[{\"@type\":\"ReadAction\",\"target\":[\"https:\\\/\\\/xn--semillasdemazenhidalgo-8bc.com\\\/index.php\\\/servicios-y-agencias-rurales-y-agropecuarias-2\\\/semilla-de-maiz\\\/semilla-de-maiz-100w\\\/\"]}]},{\"@type\":\"ImageObject\",\"inLanguage\":\"es\",\"@id\":\"https:\\\/\\\/xn--semillasdemazenhidalgo-8bc.com\\\/index.php\\\/servicios-y-agencias-rurales-y-agropecuarias-2\\\/semilla-de-maiz\\\/semilla-de-maiz-100w\\\/#primaryimage\",\"url\":\"https:\\\/\\\/xn--semillasdemazenhidalgo-8bc.com\\\/wp-content\\\/uploads\\\/2024\\\/03\\\/FOTO-PAG-100.png\",\"contentUrl\":\"https:\\\/\\\/xn--semillasdemazenhidalgo-8bc.com\\\/wp-content\\\/uploads\\\/2024\\\/03\\\/FOTO-PAG-100.png\",\"width\":1080,\"height\":1080},{\"@type\":\"BreadcrumbList\",\"@id\":\"https:\\\/\\\/xn--semillasdemazenhidalgo-8bc.com\\\/index.php\\\/servicios-y-agencias-rurales-y-agropecuarias-2\\\/semilla-de-maiz\\\/semilla-de-maiz-100w\\\/#breadcrumb\",\"itemListElement\":[{\"@type\":\"ListItem\",\"position\":1,\"name\":\"Portada\",\"item\":\"https:\\\/\\\/xn--semillasdemazenhidalgo-8bc.com\\\/\"},{\"@type\":\"ListItem\",\"position\":2,\"name\":\"Servicios y Agencias Rurales y Agropecuarias, SA de CV\",\"item\":\"https:\\\/\\\/xn--semillasdemazenhidalgo-8bc.com\\\/\"},{\"@type\":\"ListItem\",\"position\":3,\"name\":\"Semilla de Ma\u00edz\",\"item\":\"https:\\\/\\\/xn--semillasdemazenhidalgo-8bc.com\\\/index.php\\\/servicios-y-agencias-rurales-y-agropecuarias-2\\\/semilla-de-maiz\\\/\"},{\"@type\":\"ListItem\",\"position\":4,\"name\":\"Semilla de Ma\u00edz 100W\"}]},{\"@type\":\"WebSite\",\"@id\":\"https:\\\/\\\/xn--semillasdemazenhidalgo-8bc.com\\\/#website\",\"url\":\"https:\\\/\\\/xn--semillasdemazenhidalgo-8bc.com\\\/\",\"name\":\"Siembra confianza, Cosecha triunfo!!!\",\"description\":\"\",\"publisher\":{\"@id\":\"https:\\\/\\\/xn--semillasdemazenhidalgo-8bc.com\\\/#organization\"},\"potentialAction\":[{\"@type\":\"SearchAction\",\"target\":{\"@type\":\"EntryPoint\",\"urlTemplate\":\"https:\\\/\\\/xn--semillasdemazenhidalgo-8bc.com\\\/?s={search_term_string}\"},\"query-input\":{\"@type\":\"PropertyValueSpecification\",\"valueRequired\":true,\"valueName\":\"search_term_string\"}}],\"inLanguage\":\"es\"},{\"@type\":\"Organization\",\"@id\":\"https:\\\/\\\/xn--semillasdemazenhidalgo-8bc.com\\\/#organization\",\"name\":\"Siembra confianza, Cosecha triunfo!!!\",\"url\":\"https:\\\/\\\/xn--semillasdemazenhidalgo-8bc.com\\\/\",\"logo\":{\"@type\":\"ImageObject\",\"inLanguage\":\"es\",\"@id\":\"https:\\\/\\\/xn--semillasdemazenhidalgo-8bc.com\\\/#\\\/schema\\\/logo\\\/image\\\/\",\"url\":\"https:\\\/\\\/xn--semillasdemazenhidalgo-8bc.com\\\/wp-content\\\/uploads\\\/2024\\\/03\\\/LOGO-ILUMINADO-SARA-1.png\",\"contentUrl\":\"https:\\\/\\\/xn--semillasdemazenhidalgo-8bc.com\\\/wp-content\\\/uploads\\\/2024\\\/03\\\/LOGO-ILUMINADO-SARA-1.png\",\"width\":260,\"height\":200,\"caption\":\"Siembra confianza, Cosecha triunfo!!!\"},\"image\":{\"@id\":\"https:\\\/\\\/xn--semillasdemazenhidalgo-8bc.com\\\/#\\\/schema\\\/logo\\\/image\\\/\"}}]}<\/script>\n<!-- \/ Yoast SEO plugin. -->","yoast_head_json":{"title":"Semilla de Ma\u00edz 100W - Siembra confianza, Cosecha triunfo!!!","description":"Semilla de ma\u00edz blanco de alto rendimiento en grano y forraje adaptable a Valles Altos, ven ac\u00e9rcate con nosotros.","robots":{"index":"index","follow":"follow","max-snippet":"max-snippet:-1","max-image-preview":"max-image-preview:large","max-video-preview":"max-video-preview:-1"},"canonical":"https:\/\/xn--semillasdemazenhidalgo-8bc.com\/index.php\/servicios-y-agencias-rurales-y-agropecuarias-2\/semilla-de-maiz\/semilla-de-maiz-100w\/","og_locale":"es_ES","og_type":"article","og_title":"Semilla de Ma\u00edz 100W - Siembra confianza, Cosecha triunfo!!!","og_description":"Semilla de ma\u00edz blanco de alto rendimiento en grano y forraje adaptable a Valles Altos, ven ac\u00e9rcate con nosotros.","og_url":"https:\/\/xn--semillasdemazenhidalgo-8bc.com\/index.php\/servicios-y-agencias-rurales-y-agropecuarias-2\/semilla-de-maiz\/semilla-de-maiz-100w\/","og_site_name":"Siembra confianza, Cosecha triunfo!!!","article_modified_time":"2024-04-02T17:00:00+00:00","og_image":[{"width":1080,"height":1080,"url":"https:\/\/xn--semillasdemazenhidalgo-8bc.com\/wp-content\/uploads\/2024\/03\/FOTO-PAG-100.png","type":"image\/png"}],"twitter_card":"summary_large_image","twitter_misc":{"Tiempo de lectura":"1 minuto"},"schema":{"@context":"https:\/\/schema.org","@graph":[{"@type":"WebPage","@id":"https:\/\/xn--semillasdemazenhidalgo-8bc.com\/index.php\/servicios-y-agencias-rurales-y-agropecuarias-2\/semilla-de-maiz\/semilla-de-maiz-100w\/","url":"https:\/\/xn--semillasdemazenhidalgo-8bc.com\/index.php\/servicios-y-agencias-rurales-y-agropecuarias-2\/semilla-de-maiz\/semilla-de-maiz-100w\/","name":"Semilla de Ma\u00edz 100W - Siembra confianza, Cosecha triunfo!!!","isPartOf":{"@id":"https:\/\/xn--semillasdemazenhidalgo-8bc.com\/#website"},"primaryImageOfPage":{"@id":"https:\/\/xn--semillasdemazenhidalgo-8bc.com\/index.php\/servicios-y-agencias-rurales-y-agropecuarias-2\/semilla-de-maiz\/semilla-de-maiz-100w\/#primaryimage"},"image":{"@id":"https:\/\/xn--semillasdemazenhidalgo-8bc.com\/index.php\/servicios-y-agencias-rurales-y-agropecuarias-2\/semilla-de-maiz\/semilla-de-maiz-100w\/#primaryimage"},"thumbnailUrl":"https:\/\/xn--semillasdemazenhidalgo-8bc.com\/wp-content\/uploads\/2024\/03\/FOTO-PAG-100.png","datePublished":"2024-03-24T21:36:55+00:00","dateModified":"2024-04-02T17:00:00+00:00","description":"Semilla de ma\u00edz blanco de alto rendimiento en grano y forraje adaptable a Valles Altos, ven ac\u00e9rcate con nosotros.","breadcrumb":{"@id":"https:\/\/xn--semillasdemazenhidalgo-8bc.com\/index.php\/servicios-y-agencias-rurales-y-agropecuarias-2\/semilla-de-maiz\/semilla-de-maiz-100w\/#breadcrumb"},"inLanguage":"es","potentialAction":[{"@type":"ReadAction","target":["https:\/\/xn--semillasdemazenhidalgo-8bc.com\/index.php\/servicios-y-agencias-rurales-y-agropecuarias-2\/semilla-de-maiz\/semilla-de-maiz-100w\/"]}]},{"@type":"ImageObject","inLanguage":"es","@id":"https:\/\/xn--semillasdemazenhidalgo-8bc.com\/index.php\/servicios-y-agencias-rurales-y-agropecuarias-2\/semilla-de-maiz\/semilla-de-maiz-100w\/#primaryimage","url":"https:\/\/xn--semillasdemazenhidalgo-8bc.com\/wp-content\/uploads\/2024\/03\/FOTO-PAG-100.png","contentUrl":"https:\/\/xn--semillasdemazenhidalgo-8bc.com\/wp-content\/uploads\/2024\/03\/FOTO-PAG-100.png","width":1080,"height":1080},{"@type":"BreadcrumbList","@id":"https:\/\/xn--semillasdemazenhidalgo-8bc.com\/index.php\/servicios-y-agencias-rurales-y-agropecuarias-2\/semilla-de-maiz\/semilla-de-maiz-100w\/#breadcrumb","itemListElement":[{"@type":"ListItem","position":1,"name":"Portada","item":"https:\/\/xn--semillasdemazenhidalgo-8bc.com\/"},{"@type":"ListItem","position":2,"name":"Servicios y Agencias Rurales y Agropecuarias, SA de CV","item":"https:\/\/xn--semillasdemazenhidalgo-8bc.com\/"},{"@type":"ListItem","position":3,"name":"Semilla de Ma\u00edz","item":"https:\/\/xn--semillasdemazenhidalgo-8bc.com\/index.php\/servicios-y-agencias-rurales-y-agropecuarias-2\/semilla-de-maiz\/"},{"@type":"ListItem","position":4,"name":"Semilla de Ma\u00edz 100W"}]},{"@type":"WebSite","@id":"https:\/\/xn--semillasdemazenhidalgo-8bc.com\/#website","url":"https:\/\/xn--semillasdemazenhidalgo-8bc.com\/","name":"Siembra confianza, Cosecha triunfo!!!","description":"","publisher":{"@id":"https:\/\/xn--semillasdemazenhidalgo-8bc.com\/#organization"},"potentialAction":[{"@type":"SearchAction","target":{"@type":"EntryPoint","urlTemplate":"https:\/\/xn--semillasdemazenhidalgo-8bc.com\/?s={search_term_string}"},"query-input":{"@type":"PropertyValueSpecification","valueRequired":true,"valueName":"search_term_string"}}],"inLanguage":"es"},{"@type":"Organization","@id":"https:\/\/xn--semillasdemazenhidalgo-8bc.com\/#organization","name":"Siembra confianza, Cosecha triunfo!!!","url":"https:\/\/xn--semillasdemazenhidalgo-8bc.com\/","logo":{"@type":"ImageObject","inLanguage":"es","@id":"https:\/\/xn--semillasdemazenhidalgo-8bc.com\/#\/schema\/logo\/image\/","url":"https:\/\/xn--semillasdemazenhidalgo-8bc.com\/wp-content\/uploads\/2024\/03\/LOGO-ILUMINADO-SARA-1.png","contentUrl":"https:\/\/xn--semillasdemazenhidalgo-8bc.com\/wp-content\/uploads\/2024\/03\/LOGO-ILUMINADO-SARA-1.png","width":260,"height":200,"caption":"Siembra confianza, Cosecha triunfo!!!"},"image":{"@id":"https:\/\/xn--semillasdemazenhidalgo-8bc.com\/#\/schema\/logo\/image\/"}}]}},"_links":{"self":[{"href":"https:\/\/xn--semillasdemazenhidalgo-8bc.com\/index.php\/wp-json\/wp\/v2\/pages\/465","targetHints":{"allow":["GET"]}}],"collection":[{"href":"https:\/\/xn--semillasdemazenhidalgo-8bc.com\/index.php\/wp-json\/wp\/v2\/pages"}],"about":[{"href":"https:\/\/xn--semillasdemazenhidalgo-8bc.com\/index.php\/wp-json\/wp\/v2\/types\/page"}],"author":[{"embeddable":true,"href":"https:\/\/xn--semillasdemazenhidalgo-8bc.com\/index.php\/wp-json\/wp\/v2\/users\/1"}],"replies":[{"embeddable":true,"href":"https:\/\/xn--semillasdemazenhidalgo-8bc.com\/index.php\/wp-json\/wp\/v2\/comments?post=465"}],"version-history":[{"count":16,"href":"https:\/\/xn--semillasdemazenhidalgo-8bc.com\/index.php\/wp-json\/wp\/v2\/pages\/465\/revisions"}],"predecessor-version":[{"id":1074,"href":"https:\/\/xn--semillasdemazenhidalgo-8bc.com\/index.php\/wp-json\/wp\/v2\/pages\/465\/revisions\/1074"}],"up":[{"embeddable":true,"href":"https:\/\/xn--semillasdemazenhidalgo-8bc.com\/index.php\/wp-json\/wp\/v2\/pages\/8"}],"wp:featuredmedia":[{"embeddable":true,"href":"https:\/\/xn--semillasdemazenhidalgo-8bc.com\/index.php\/wp-json\/wp\/v2\/media\/313"}],"wp:attachment":[{"href":"https:\/\/xn--semillasdemazenhidalgo-8bc.com\/index.php\/wp-json\/wp\/v2\/media?parent=465"}],"curies":[{"name":"wp","href":"https:\/\/api.w.org\/{rel}","templated":true}]}}